{"id":13026,"date":"2020-06-12T02:36:16","date_gmt":"2020-06-12T02:36:16","guid":{"rendered":"http:\/\/demo.zozothemes.com\/import\/uploads-temp\/klenster\/?page_id=13026"},"modified":"2024-05-16T15:36:04","modified_gmt":"2024-05-16T14:36:04","slug":"about-us","status":"publish","type":"page","link":"https:\/\/web.univ-relizane.dz\/alumni\/about-us\/","title":{"rendered":"About Us"},"content":{"rendered":"\t\t<div data-elementor-type=\"wp-page\" data-elementor-id=\"13026\" class=\"elementor elementor-13026\">\n\t\t\t\t\t\t<section class=\"elementor-section elementor-top-section elementor-element elementor-element-3ba3036 elementor-section-boxed elementor-section-height-default elementor-section-height-default\" data-id=\"3ba3036\" data-element_type=\"section\">\n\t\t\t\t\t\t<div class=\"elementor-container elementor-column-gap-default\">\n\t\t\t\t\t<div class=\"elementor-column elementor-col-100 elementor-top-column elementor-element elementor-element-79f838d\" data-id=\"79f838d\" data-element_type=\"column\">\n\t\t\t<div class=\"elementor-widget-wrap elementor-element-populated\">\n\t\t\t\t\t\t<section class=\"elementor-section elementor-inner-section elementor-element elementor-element-f265976 elementor-section-content-middle elementor-section-boxed elementor-section-height-default elementor-section-height-default\" data-id=\"f265976\" data-element_type=\"section\">\n\t\t\t\t\t\t<div class=\"elementor-container elementor-column-gap-default\">\n\t\t\t\t\t<div class=\"elementor-column elementor-col-50 elementor-inner-column elementor-element elementor-element-b2ee447\" data-id=\"b2ee447\" data-element_type=\"column\">\n\t\t\t<div class=\"elementor-widget-wrap elementor-element-populated\">\n\t\t\t\t\t\t<div class=\"elementor-element elementor-element-2d95c6d elementor-widget elementor-widget-klenstersectiontitle\" data-id=\"2d95c6d\" data-element_type=\"widget\" data-widget_type=\"klenstersectiontitle.default\">\n\t\t\t\t<div class=\"elementor-widget-container\">\n\t\t\t<div class=\"section-title-wrapper\"><div class=\"title-wrap\"><span class=\"sub-title\">About Us<\/span><h2 class=\"section-title\">INSCRIPTION AU R\u00c9SEAU ALUMNI<\/h2><\/div><!-- .title-wrap --><div class=\"section-description\">Depuis sa cr\u00e9ation en 1987 \u00e0 ce jour, l\u2019universit\u00e9 de Relizane a form\u00e9 des milliers d\u2019\u00e9tudiants dans les diff\u00e9rentes disciplines dont la plupart exercent et sont des cadres en diff\u00e9rents milieux au niveau national et international. En vue de renouer contact avec ses anciens dipl\u00f4m\u00e9s en tant que professionnels, l\u2019universit\u00e9 de Relizane lance cette plateforme pour la cr\u00e9ation du R\u00e9seau Alumni de l\u2019Universit\u00e9 de Relizane qui devrait constituer une passerelle entre l\u2019universit\u00e9 et les milieux professionnel et industriel.\nElle a pour objectifs de cr\u00e9er une communaut\u00e9 compos\u00e9e des anciens \u00e9tudiants visant l\u2019\u00e9change d\u2019exp\u00e9riences et de conseils, le soutien et le placement d\u2019\u00e9tudiants en stage et en formation industriels, voire de contribuer \u00e0 l\u2019insertion professionnelle.\nIl est aussi attendu que le r\u00e9seau d\u00e9veloppe une entraide professionnelle par le partage d\u2019offres d\u2019emploi, et de mettre en place des \u00e9v\u00e8nements th\u00e9matiques (forum de l\u2019emploi, ateliers m\u00e9tiers, conf\u00e9rences th\u00e9matiques, participation \u00e0 la f\u00eate annuelle de l\u2019\u00e9tablissement, etc.).\nNous vous prions de diffuser cette annonce \u00e0 tous vos coll\u00e8gues dipl\u00f4m\u00e9s de l\u2019universit\u00e9 Saad Dahlab de Blida pour adh\u00e9rer \u00e0 ce r\u00e9seau.\nNous vous remercions pour votre adh\u00e9sion et esp\u00e9rons vous recevoir bient\u00f4t dans votre universit\u00e9.<\/div><!-- .section-description --><\/div><!-- .section-title-wrapper -->\t\t<\/div>\n\t\t\t\t<\/div>\n\t\t\t\t\t<\/div>\n\t\t<\/div>\n\t\t\t\t<div class=\"elementor-column elementor-col-50 elementor-inner-column elementor-element elementor-element-c797e32 ps-xl-4\" data-id=\"c797e32\" data-element_type=\"column\">\n\t\t\t<div class=\"elementor-widget-wrap elementor-element-populated\">\n\t\t\t\t\t\t<div class=\"elementor-element elementor-element-586895c sh-bf elementor-widget elementor-widget-image\" data-id=\"586895c\" data-element_type=\"widget\" data-widget_type=\"image.default\">\n\t\t\t\t<div class=\"elementor-widget-container\">\n\t\t\t<style>\/*! elementor - v3.21.0 - 08-05-2024 *\/\n.elementor-widget-image{text-align:center}.elementor-widget-image a{display:inline-block}.elementor-widget-image a img[src$=\".svg\"]{width:48px}.elementor-widget-image img{vertical-align:middle;display:inline-block}<\/style>\t\t\t\t\t\t\t\t\t\t<img fetchpriority=\"high\" decoding=\"async\" width=\"940\" height=\"694\" src=\"https:\/\/web.univ-relizane.dz\/alumni\/wp-content\/uploads\/2024\/05\/Design-sans-titre-65-940x694.png\" class=\"attachment-large size-large wp-image-14998\" alt=\"\" \/>\t\t\t\t\t\t\t\t\t\t\t\t\t<\/div>\n\t\t\t\t<\/div>\n\t\t\t\t\t<\/div>\n\t\t<\/div>\n\t\t\t\t\t<\/div>\n\t\t<\/section>\n\t\t\t\t\t<\/div>\n\t\t<\/div>\n\t\t\t\t\t<\/div>\n\t\t<\/section>\n\t\t\t\t<section class=\"elementor-section elementor-top-section elementor-element elementor-element-eef1289 elementor-section-stretched elementor-section-boxed elementor-section-height-default elementor-section-height-default\" data-id=\"eef1289\" data-element_type=\"section\" data-settings=\"{&quot;stretch_section&quot;:&quot;section-stretched&quot;,&quot;background_background&quot;:&quot;classic&quot;}\">\n\t\t\t\t\t\t\t<div class=\"elementor-background-overlay\"><\/div>\n\t\t\t\t\t\t\t<div class=\"elementor-container elementor-column-gap-default\">\n\t\t\t\t\t<div class=\"elementor-column elementor-col-100 elementor-top-column elementor-element elementor-element-4e8ac07\" data-id=\"4e8ac07\" data-element_type=\"column\">\n\t\t\t<div class=\"elementor-widget-wrap elementor-element-populated\">\n\t\t\t\t\t\t<section class=\"elementor-section elementor-inner-section elementor-element elementor-element-4d8639d elementor-section-content-middle elementor-section-boxed elementor-section-height-default elementor-section-height-default\" data-id=\"4d8639d\" data-element_type=\"section\">\n\t\t\t\t\t\t<div class=\"elementor-container elementor-column-gap-default\">\n\t\t\t\t\t<div class=\"elementor-column elementor-col-33 elementor-inner-column elementor-element elementor-element-a16c274\" data-id=\"a16c274\" data-element_type=\"column\">\n\t\t\t<div class=\"elementor-widget-wrap elementor-element-populated\">\n\t\t\t\t\t\t<div class=\"elementor-element elementor-element-8207c2d elementor-widget elementor-widget-klenstercounter\" data-id=\"8207c2d\" data-element_type=\"widget\" data-widget_type=\"klenstercounter.default\">\n\t\t\t\t<div class=\"elementor-widget-container\">\n\t\t\t<div class=\"counter-wrapper counter-style-classic\" data-css=\"&quot;&quot;\"><div class=\"counter-value\"><h3><span class=\"counter-up\" data-count=\"100000\" data-duration=\"2000\">0<\/span><span class=\"counter-suffix\">+<\/span><\/h3><\/div><!-- .counter-value --><div class=\"counter-title\"><h6 class=\"counter-title-head\">Former Student<\/h6><\/div><!-- .counter-title --><\/div><!-- .counter-wrapper -->\t\t<\/div>\n\t\t\t\t<\/div>\n\t\t\t\t\t<\/div>\n\t\t<\/div>\n\t\t\t\t<div class=\"elementor-column elementor-col-33 elementor-inner-column elementor-element elementor-element-32d17a2\" data-id=\"32d17a2\" data-element_type=\"column\">\n\t\t\t<div class=\"elementor-widget-wrap elementor-element-populated\">\n\t\t\t\t\t\t<div class=\"elementor-element elementor-element-6b528db elementor-widget elementor-widget-klenstercounter\" data-id=\"6b528db\" data-element_type=\"widget\" data-widget_type=\"klenstercounter.default\">\n\t\t\t\t<div class=\"elementor-widget-container\">\n\t\t\t<div class=\"counter-wrapper counter-style-classic\" data-css=\"&quot;&quot;\"><div class=\"counter-value\"><h3><span class=\"counter-up\" data-count=\"3\" data-duration=\"2000\">0<\/span><span class=\"counter-suffix\">+<\/span><\/h3><\/div><!-- .counter-value --><div class=\"counter-title\"><h6 class=\"counter-title-head\">Success Story<\/h6><\/div><!-- .counter-title --><\/div><!-- .counter-wrapper -->\t\t<\/div>\n\t\t\t\t<\/div>\n\t\t\t\t\t<\/div>\n\t\t<\/div>\n\t\t\t\t<div class=\"elementor-column elementor-col-33 elementor-inner-column elementor-element elementor-element-4d723a2\" data-id=\"4d723a2\" data-element_type=\"column\">\n\t\t\t<div class=\"elementor-widget-wrap elementor-element-populated\">\n\t\t\t\t\t\t<div class=\"elementor-element elementor-element-529588e elementor-widget elementor-widget-klenstercounter\" data-id=\"529588e\" data-element_type=\"widget\" data-widget_type=\"klenstercounter.default\">\n\t\t\t\t<div class=\"elementor-widget-container\">\n\t\t\t<div class=\"counter-wrapper counter-style-classic\" data-css=\"&quot;&quot;\"><div class=\"counter-value\"><h3><span class=\"counter-up\" data-count=\"5\" data-duration=\"2000\">0<\/span><span class=\"counter-suffix\">+<\/span><\/h3><\/div><!-- .counter-value --><div class=\"counter-title\"><h6 class=\"counter-title-head\">Faculties<\/h6><\/div><!-- .counter-title --><\/div><!-- .counter-wrapper -->\t\t<\/div>\n\t\t\t\t<\/div>\n\t\t\t\t\t<\/div>\n\t\t<\/div>\n\t\t\t\t\t<\/div>\n\t\t<\/section>\n\t\t\t\t\t<\/div>\n\t\t<\/div>\n\t\t\t\t\t<\/div>\n\t\t<\/section>\n\t\t\t\t<\/div>\n\t\t","protected":false},"excerpt":{"rendered":"<p>About Us INSCRIPTION AU R\u00c9SEAU ALUMNI Depuis sa cr\u00e9ation en 1987 \u00e0 ce jour, l\u2019universit\u00e9 de Relizane a form\u00e9 des milliers d\u2019\u00e9tudiants dans les diff\u00e9rentes disciplines dont la plupart exercent et sont des cadres en diff\u00e9rents milieux au niveau national et international. En vue de renouer contact avec ses anciens dipl\u00f4m\u00e9s en tant que professionnels,<\/p>\n","protected":false},"author":1,"featured_media":0,"parent":0,"menu_order":0,"comment_status":"closed","ping_status":"closed","template":"","meta":{"footnotes":""},"class_list":["post-13026","page","type-page","status-publish","hentry"],"_links":{"self":[{"href":"https:\/\/web.univ-relizane.dz\/alumni\/wp-json\/wp\/v2\/pages\/13026","targetHints":{"allow":["GET"]}}],"collection":[{"href":"https:\/\/web.univ-relizane.dz\/alumni\/wp-json\/wp\/v2\/pages"}],"about":[{"href":"https:\/\/web.univ-relizane.dz\/alumni\/wp-json\/wp\/v2\/types\/page"}],"author":[{"embeddable":true,"href":"https:\/\/web.univ-relizane.dz\/alumni\/wp-json\/wp\/v2\/users\/1"}],"replies":[{"embeddable":true,"href":"https:\/\/web.univ-relizane.dz\/alumni\/wp-json\/wp\/v2\/comments?post=13026"}],"version-history":[{"count":18,"href":"https:\/\/web.univ-relizane.dz\/alumni\/wp-json\/wp\/v2\/pages\/13026\/revisions"}],"predecessor-version":[{"id":15317,"href":"https:\/\/web.univ-relizane.dz\/alumni\/wp-json\/wp\/v2\/pages\/13026\/revisions\/15317"}],"wp:attachment":[{"href":"https:\/\/web.univ-relizane.dz\/alumni\/wp-json\/wp\/v2\/media?parent=13026"}],"curies":[{"name":"wp","href":"https:\/\/api.w.org\/{rel}","templated":true}]}}