{"id":15172,"date":"2024-05-15T11:47:36","date_gmt":"2024-05-15T10:47:36","guid":{"rendered":"https:\/\/web.univ-relizane.dz\/alumni\/?page_id=15172"},"modified":"2024-05-15T20:45:58","modified_gmt":"2024-05-15T19:45:58","slug":"formulaire-pour-inscrire-au-reseau-alumni-de-luniversite-de-relizane","status":"publish","type":"page","link":"https:\/\/web.univ-relizane.dz\/alumni\/formulaire-pour-inscrire-au-reseau-alumni-de-luniversite-de-relizane\/","title":{"rendered":"Formulaire pour inscrire au r\u00e9seau ALUMNI de l&rsquo;universit\u00e9 de Relizane"},"content":{"rendered":"<p style=\"text-align: center;\"><div class=\"forminator-ui forminator-custom-form forminator-custom-form-15227 forminator-design--material  forminator_ajax\" data-forminator-render=\"0\" data-form=\"forminator-module-15227\" data-uid=\"69e02337211a3\"><br\/><\/div><form\n\t\t\t\tid=\"forminator-module-15227\"\n\t\t\t\tclass=\"forminator-ui forminator-custom-form forminator-custom-form-15227 forminator-design--material  forminator_ajax\"\n\t\t\t\tmethod=\"post\"\n\t\t\t\tdata-forminator-render=\"0\"\n\t\t\t\tdata-form-id=\"15227\"\n\t\t\t\t\n\t\t\t\tdata-design=\"material\"\n\t\t\t\t\n\t\t\t\t\n\t\t\t\t\n\t\t\t\tdata-grid=\"open\"\n\t\t\t\t\n\t\t\t\t\n\t\t\t\tstyle=\"display: none;\"\n\t\t\t\t\n\t\t\t\tdata-uid=\"69e02337211a3\"\n\t\t\t><div role=\"alert\" aria-live=\"polite\" class=\"forminator-response-message forminator-error\" aria-hidden=\"true\"><\/div><div role=\"tablist\" class=\"forminator-pagination-steps\" aria-label=\"Pagination\"><\/div><div tabindex=\"0\" role=\"tabpanel\" id=\"forminator-custom-form-15227--page-0\" class=\"forminator-pagination forminator-pagination-start\" aria-labelledby=\"forminator-custom-form-15227--page-0-label\" data-step=\"0\" data-label=\"Termin\u00e9\" data-name=\"page-break-1\"><div class=\"forminator-pagination--content\"><div class=\"forminator-row\"><div id=\"name-3\" class=\"forminator-field-name forminator-col forminator-col-6 \"><div class=\"forminator-field\"><label for=\"forminator-field-name-3_69e02337211a3\" id=\"forminator-field-name-3_69e02337211a3-label\" class=\"forminator-label\">Nom <span class=\"forminator-required\">*<\/span><\/label><input type=\"text\" name=\"name-3\" value=\"\" placeholder=\"\" id=\"forminator-field-name-3_69e02337211a3\" class=\"forminator-input forminator-name--field\" aria-required=\"true\" \/><\/div><\/div><div id=\"name-1\" class=\"forminator-field-name forminator-col forminator-col-6  { width: 100px; height: 100px; background-color: #ffc7e4; position: relative; top: 20px; left: 20px; }\"><div class=\"forminator-field\"><label for=\"forminator-field-name-1_69e02337211a3\" id=\"forminator-field-name-1_69e02337211a3-label\" class=\"forminator-label\">\u0627\u0644\u0644\u0642\u0628 \u0628\u0627\u0644\u0644\u063a\u0629 \u0627\u0644\u0639\u0631\u0628\u064a\u0629 <span class=\"forminator-required\">*<\/span><\/label><input type=\"text\" name=\"name-1\" value=\"\" placeholder=\"\" id=\"forminator-field-name-1_69e02337211a3\" class=\"forminator-input forminator-name--field\" aria-required=\"true\" \/><\/div><\/div><\/div><div class=\"forminator-row\"><div id=\"name-4\" class=\"forminator-field-name forminator-col forminator-col-6 \"><div class=\"forminator-field\"><label for=\"forminator-field-name-4_69e02337211a3\" id=\"forminator-field-name-4_69e02337211a3-label\" class=\"forminator-label\">Pr\u00e9nom <span class=\"forminator-required\">*<\/span><\/label><input type=\"text\" name=\"name-4\" value=\"\" placeholder=\"\" id=\"forminator-field-name-4_69e02337211a3\" class=\"forminator-input forminator-name--field\" aria-required=\"true\" \/><\/div><\/div><div id=\"name-2\" class=\"forminator-field-name forminator-col forminator-col-6 \"><div class=\"forminator-field\"><label for=\"forminator-field-name-2_69e02337211a3\" id=\"forminator-field-name-2_69e02337211a3-label\" class=\"forminator-label\">\u0627\u0644\u0627\u0633\u0645 \u0628\u0627\u0644\u0644\u063a\u0629 \u0627\u0644\u0639\u0631\u0628\u064a\u0629 <span class=\"forminator-required\">*<\/span><\/label><input type=\"text\" name=\"name-2\" value=\"\" placeholder=\"\" id=\"forminator-field-name-2_69e02337211a3\" class=\"forminator-input forminator-name--field\" aria-required=\"true\" \/><\/div><\/div><\/div><div class=\"forminator-row\"><div id=\"date-1\" class=\"forminator-field-date forminator-col forminator-col-6 \"><div class=\"forminator-field\"><label for=\"forminator-field-date-1-picker_69e02337211a3\" id=\"forminator-field-date-1-picker_69e02337211a3-label\" class=\"forminator-label\">Date de naissance\/\u062a\u0627\u0631\u064a\u062e \u0627\u0644\u0645\u064a\u0644\u0627\u062f<\/label><div class=\"forminator-input-with-icon\"><label for=\"forminator-field-date-1-picker_69e02337211a3\"><span class=\"forminator-icon-calendar\" aria-hidden=\"true\"><\/span><\/label><input autocomplete=\"off\" type=\"text\" size=\"1\" name=\"date-1\" value=\"\" placeholder=\"Choisissez une date\" id=\"forminator-field-date-1-picker_69e02337211a3\" class=\"forminator-input forminator-datepicker\" data-required=\"\" data-format=\"dd.mm.yy\" data-restrict-type=\"\" data-restrict=\"\" data-start-year=\"1926\" data-end-year=\"2126\" data-past-dates=\"enable\" data-start-of-week=\"0\" data-start-date=\"\" data-end-date=\"\" data-start-field=\"\" data-end-field=\"\" data-start-offset=\"\" data-end-offset=\"\" data-disable-date=\"\" data-disable-range=\"\" \/><\/div><\/div><\/div><div id=\"text-1\" class=\"forminator-field-text forminator-col forminator-col-6 \"><div class=\"forminator-field\"><label for=\"forminator-field-text-1_69e02337211a3\" id=\"forminator-field-text-1_69e02337211a3-label\" class=\"forminator-label\">Lieu de naissance \/\u0645\u0643\u0627\u0646 \u0627\u0644\u0645\u064a\u0644\u0627\u062f<\/label><input type=\"text\" name=\"text-1\" value=\"\" placeholder=\"\" id=\"forminator-field-text-1_69e02337211a3\" class=\"forminator-input forminator-name--field\" data-required=\"\" \/><\/div><\/div><\/div><div class=\"forminator-row\"><div id=\"email-1\" class=\"forminator-field-email forminator-col forminator-col-12 \"><div class=\"forminator-field\"><label for=\"forminator-field-email-1_69e02337211a3\" id=\"forminator-field-email-1_69e02337211a3-label\" class=\"forminator-label\">Email\/\u0627\u0644\u0628\u0631\u064a\u062f \u0627\u0644\u0627\u0644\u0643\u062a\u0631\u0648\u0646\u064a<\/label><input type=\"email\" name=\"email-1\" value=\"\" placeholder=\"\" id=\"forminator-field-email-1_69e02337211a3\" class=\"forminator-input forminator-email--field\" data-required=\"\" aria-required=\"false\" \/><\/div><\/div><\/div><div class=\"forminator-row\"><div id=\"phone-1\" class=\"forminator-field-phone forminator-col forminator-col-12 \"><div class=\"forminator-field\"><label for=\"forminator-field-phone-1_69e02337211a3\" id=\"forminator-field-phone-1_69e02337211a3-label\" class=\"forminator-label\">T\u00e9l\u00e9phone\/ \u0627\u0644\u0647\u0627\u062a\u0641<\/label><input type=\"text\" name=\"phone-1\" value=\"\" placeholder=\"\" id=\"forminator-field-phone-1_69e02337211a3\" class=\"forminator-input forminator-field--phone\" data-required=\"\" aria-required=\"false\" autocomplete=\"off\" \/><\/div><\/div><\/div><div class=\"forminator-row\"><div id=\"text-6\" class=\"forminator-field-text forminator-col forminator-col-12 \"><div class=\"forminator-field\"><label for=\"forminator-field-text-6_69e02337211a3\" id=\"forminator-field-text-6_69e02337211a3-label\" class=\"forminator-label\">Nationalit\u00e9 (pour les \u00e9trangers)\/\u0627\u0644\u062c\u0646\u0633\u064a\u0629 (\u0628\u0627\u0644\u0646\u0633\u0628\u0629 \u0644\u0644\u0623\u062c\u0627\u0646\u0628)<\/label><input type=\"text\" name=\"text-6\" value=\"\" placeholder=\"Par exemple\u00a0: texte indicatif\" id=\"forminator-field-text-6_69e02337211a3\" class=\"forminator-input forminator-name--field\" data-required=\"\" \/><\/div><\/div><\/div><div class=\"forminator-row\"><div id=\"text-2\" class=\"forminator-field-text forminator-col forminator-col-12 \"><div class=\"forminator-field\"><label for=\"forminator-field-text-2_69e02337211a3\" id=\"forminator-field-text-2_69e02337211a3-label\" class=\"forminator-label\">Pays -Ville Actuel\/\u0627\u0644\u0628\u0644\u062f - \u0627\u0644\u0645\u062f\u064a\u0646\u0629 \u0627\u0644\u062d\u0627\u0644\u064a\u0629<\/label><input type=\"text\" name=\"text-2\" value=\"\" placeholder=\"\" id=\"forminator-field-text-2_69e02337211a3\" class=\"forminator-input forminator-name--field\" data-required=\"\" \/><\/div><\/div><\/div><\/div><\/div><div tabindex=\"0\" role=\"tabpanel\" id=\"forminator-custom-form-15227--page-1\" class=\"forminator-pagination\" aria-labelledby=\"forminator-custom-form-15227--page-1-label\" aria-hidden=\"true\" data-step=\"1\" data-label=\"Page 1\" data-name=\"\" hidden><div class=\"forminator-pagination--content\"><div class=\"forminator-row\"><div id=\"select-1\" class=\"forminator-field-select forminator-col forminator-col-12 \"><div class=\"forminator-field\"><label for=\"forminator-form-15227__field--select-1_69e02337211a3\" id=\"forminator-form-15227__field--select-1_69e02337211a3-label\" class=\"forminator-label\">Facult\u00e9 de graduation\/\u0643\u0644\u064a\u0629 \u0627\u0644\u062a\u062e\u0631\u062c <span class=\"forminator-required\">*<\/span><\/label><select id=\"forminator-form-15227__field--select-1_69e02337211a3\" class=\"forminator-select--field forminator-select2\" data-required=\"1\" name=\"select-1\" data-default-value=\"\" data-hidden-behavior=\"zero\" data-placeholder=\"S\u00e9lectionner\" data-search=\"false\" aria-labelledby=\"forminator-form-15227__field--select-1_69e02337211a3-label\" aria-describedby=\"forminator-form-15227__field--select-1_69e02337211a3-description\"><option value=\"\">S\u00e9lectionner<\/option><option value=\"one\"  data-calculation=\"0\">Facult\u00e9 des Sciences et Technologies\/\u0643\u0644\u064a\u0629 \u0627\u0644\u0639\u0644\u0648\u0645 \u0648\u0627\u0644\u062a\u0643\u0646\u0648\u0644\u0648\u062c\u064a\u0627<\/option><option value=\"two\"  data-calculation=\"0\">Facult\u00e9 des Lettres et des Langues Etrang\u00e8res\/\u0643\u0644\u064a\u0629 \u0627\u0644\u0623\u062f\u0628 \u0648\u0627\u0644\u0644\u063a\u0627\u062a<\/option><option value=\"Facult\u00e9-de-Droit-\u0643\u0644\u064a\u0629-\u0627\u0644\u062d\u0642\u0648\u0642\"  data-calculation=\"0\">Facult\u00e9 de Droit\/\u0643\u0644\u064a\u0629 \u0627\u0644\u062d\u0642\u0648\u0642<\/option><option value=\"Facult\u00e9-des-Sciences-Economiques.Commerciales-et-de-Gestion-\u0643\u0644\u064a\u0629-\u0627\u0644\u0639\u0644\u0648\u0645-\u0627\u0644\u062a\u062c\u0627\u0631\u064a\u0629-\u0648\u0627\u0644\u0627\u0642\u062a\u0635\u0627\u062f\u064a\u0629\u060c-\u0648\u0639\u0644\u0648\u0645-\u0627\u0644\u062a\u0633\u064a\u064a\u0631\"  data-calculation=\"0\">Facult\u00e9 des Sciences Economiques.Commerciales et de Gestion\/\u0643\u0644\u064a\u0629 \u0627\u0644\u0639\u0644\u0648\u0645 \u0627\u0644\u062a\u062c\u0627\u0631\u064a\u0629 \u0648\u0627\u0644\u0627\u0642\u062a\u0635\u0627\u062f\u064a\u0629\u060c \u0648\u0639\u0644\u0648\u0645 \u0627\u0644\u062a\u0633\u064a\u064a\u0631<\/option><option value=\"Facult\u00e9-des-Sciences-Sociales-et-Humaines-\u0643\u0644\u064a\u0629-\u0627\u0644\u0639\u0644\u0648\u0645-\u0627\u0644\u0627\u062c\u062a\u0645\u0627\u0639\u064a\u0629-\u0648\u0627\u0644\u0627\u0646\u0633\u0627\u0646\u064a\u0629\"  data-calculation=\"0\">Facult\u00e9 des Sciences Sociales et Humaines\/\u0643\u0644\u064a\u0629 \u0627\u0644\u0639\u0644\u0648\u0645 \u0627\u0644\u0627\u062c\u062a\u0645\u0627\u0639\u064a\u0629 \u0648\u0627\u0644\u0627\u0646\u0633\u0627\u0646\u064a\u0629<\/option><\/select><\/div><\/div><\/div><div class=\"forminator-row\"><div id=\"select-2\" class=\"forminator-field-select forminator-col forminator-col-12 \"><div class=\"forminator-field\"><label for=\"forminator-form-15227__field--select-2_69e02337211a3\" id=\"forminator-form-15227__field--select-2_69e02337211a3-label\" class=\"forminator-label\">Dipl\u00f4me obtenu \u00e0 l&#039;universit\u00e9 de Relizane\/\u0634\u0647\u0627\u062f\u0629 \u0627\u0644\u062a\u062e\u0631\u062c<\/label><select id=\"forminator-form-15227__field--select-2_69e02337211a3\" class=\"forminator-select--field forminator-select2\" data-required=\"\" name=\"select-2\" data-default-value=\"\" data-hidden-behavior=\"zero\" data-placeholder=\"S\u00e9lectionner\" data-search=\"false\" aria-labelledby=\"forminator-form-15227__field--select-2_69e02337211a3-label\" aria-describedby=\"forminator-form-15227__field--select-2_69e02337211a3-description\"><option value=\"\">S\u00e9lectionner<\/option><option value=\"one\"  data-calculation=\"0\">Licence LMD\/\u0644\u064a\u0633\u0627\u0646\u0633 \u0644.\u0645.\u062f<\/option><option value=\"two\"  data-calculation=\"0\">Licence Classique\/\u0644\u064a\u0633\u0627\u0646\u0633 \u0643\u0644\u0627\u0633\u064a\u0643\u064a<\/option><option value=\"Master\"  data-calculation=\"0\">Master\/\u0645\u0627\u0633\u062a\u0631<\/option><option value=\"Magister-\"  data-calculation=\"0\">Magister\/\u0645\u0627\u062c\u0633\u062a\u064a\u0631<\/option><option value=\"Doctorat-LMD-\"  data-calculation=\"0\">Doctorat LMD\/\u062f\u0643\u062a\u0648\u0631\u0627\u0647 \u0644.\u0645.\u062f<\/option><option value=\"Dipl\u00f4me-d&#039;-ing\u00e9nieur-\"  data-calculation=\"0\">Dipl\u00f4me d' ing\u00e9nieur\/\u0634\u0647\u0627\u062f\u0629 \u0645\u0647\u0646\u062f\u0633<\/option><\/select><\/div><\/div><\/div><div class=\"forminator-row\"><div id=\"text-3\" class=\"forminator-field-text forminator-col forminator-col-12 \"><div class=\"forminator-field\"><label for=\"forminator-field-text-3_69e02337211a3\" id=\"forminator-field-text-3_69e02337211a3-label\" class=\"forminator-label\">Ann\u00e9e d&#039;obtention du dipl\u00f4me\/\u0633\u0646\u0629 \u0627\u0644\u062a\u062e\u0631\u062c<\/label><input type=\"text\" name=\"text-3\" value=\"\" placeholder=\"\" id=\"forminator-field-text-3_69e02337211a3\" class=\"forminator-input forminator-name--field\" data-required=\"\" \/><\/div><\/div><\/div><div class=\"forminator-row\"><div id=\"text-4\" class=\"forminator-field-text forminator-col forminator-col-12 \"><div class=\"forminator-field\"><label for=\"forminator-field-text-4_69e02337211a3\" id=\"forminator-field-text-4_69e02337211a3-label\" class=\"forminator-label\">Sp\u00e9cialit\u00e9\/\u0627\u0644\u062a\u062e\u0635\u0635<\/label><input type=\"text\" name=\"text-4\" value=\"\" placeholder=\"\" id=\"forminator-field-text-4_69e02337211a3\" class=\"forminator-input forminator-name--field\" data-required=\"\" \/><\/div><\/div><\/div><div class=\"forminator-row\"><div id=\"text-5\" class=\"forminator-field-text forminator-col forminator-col-12 \"><div class=\"forminator-field\"><label for=\"forminator-field-text-5_69e02337211a3\" id=\"forminator-field-text-5_69e02337211a3-label\" class=\"forminator-label\">Autres dipl\u00f4mes obtenus \u00e0 Relizane\/\u0634\u0647\u0627\u062f\u0629 \u0623\u062e\u0631\u0649<\/label><input type=\"text\" name=\"text-5\" value=\"\" placeholder=\"\" id=\"forminator-field-text-5_69e02337211a3\" class=\"forminator-input forminator-name--field\" data-required=\"\" \/><\/div><\/div><\/div><div class=\"forminator-row\"><div id=\"radio-2\" class=\"forminator-field-radio forminator-col forminator-col-12 \"><div role=\"radiogroup\" class=\"forminator-field\" aria-labelledby=\"forminator-radiogroup-69e02337211a3-label\" aria-describedby=\"forminator-radiogroup-69e02337211a3-description\"><span id=\"forminator-radiogroup-69e02337211a3-label\" class=\"forminator-label\">Informations Professionnelles<\/span><label id=\"forminator-field-radio-2-label-1\" for=\"forminator-field-radio-2-1-69e02337211a3\" class=\"forminator-radio forminator-radio-inline\" title=\"En activit\u00e9\"><input type=\"radio\" name=\"radio-2\" value=\"one\" id=\"forminator-field-radio-2-1-69e02337211a3\" aria-labelledby=\"forminator-field-radio-2-label-1\" data-calculation=\"0\"   data-hidden-behavior=\"zero\" aria-describedby=\"forminator-field-radio-2-69e02337211a3-description\"\/><span class=\"forminator-radio-bullet\" aria-hidden=\"true\"><\/span><span class=\"forminator-radio-label\">En activit\u00e9<\/span><\/label><label id=\"forminator-field-radio-2-label-2\" for=\"forminator-field-radio-2-2-69e02337211a3\" class=\"forminator-radio forminator-radio-inline\" title=\"A la recherche d&#039;emploi\"><input type=\"radio\" name=\"radio-2\" value=\"two\" id=\"forminator-field-radio-2-2-69e02337211a3\" aria-labelledby=\"forminator-field-radio-2-label-2\" data-calculation=\"0\"   data-hidden-behavior=\"zero\" aria-describedby=\"forminator-field-radio-2-69e02337211a3-description\"\/><span class=\"forminator-radio-bullet\" aria-hidden=\"true\"><\/span><span class=\"forminator-radio-label\">A la recherche d'emploi<\/span><\/label><label id=\"forminator-field-radio-2-label-3\" for=\"forminator-field-radio-2-3-69e02337211a3\" class=\"forminator-radio forminator-radio-inline\" title=\"En retraite\"><input type=\"radio\" name=\"radio-2\" value=\"En-retraite\" id=\"forminator-field-radio-2-3-69e02337211a3\" aria-labelledby=\"forminator-field-radio-2-label-3\" data-calculation=\"0\"   data-hidden-behavior=\"zero\" aria-describedby=\"forminator-field-radio-2-69e02337211a3-description\"\/><span class=\"forminator-radio-bullet\" aria-hidden=\"true\"><\/span><span class=\"forminator-radio-label\">En retraite<\/span><\/label><\/div><\/div><\/div><div class=\"forminator-row\"><div id=\"text-7\" class=\"forminator-field-text forminator-col forminator-col-12 \"><div class=\"forminator-field\"><label for=\"forminator-field-text-7_69e02337211a3\" id=\"forminator-field-text-7_69e02337211a3-label\" class=\"forminator-label\">Poste de travail actuel\/\u0645\u0646\u0635\u0628 \u0627\u0644\u0639\u0645\u0644 \u0627\u0644\u062d\u0627\u0644\u064a<\/label><input type=\"text\" name=\"text-7\" value=\"\" placeholder=\"\" id=\"forminator-field-text-7_69e02337211a3\" class=\"forminator-input forminator-name--field\" data-required=\"\" \/><\/div><\/div><\/div><div class=\"forminator-row\"><div id=\"checkbox-1\" class=\"forminator-field-checkbox forminator-col forminator-col-12 \"><div role=\"group\" class=\"forminator-field\" aria-labelledby=\"forminator-checkbox-group-69e02337211a3-label\"><span id=\"forminator-checkbox-group-69e02337211a3-label\" class=\"forminator-label\">R\u00e9seau Alumni de l&#039;Universit\u00e9 de Relizane RAUR<\/span><label id=\"forminator-field-checkbox-1-1-69e02337211a3-label\" for=\"forminator-field-checkbox-1-1-69e02337211a3\" class=\"forminator-checkbox\" title=\"Oui, je souhaite \u00eatre membre fondateur de la cr\u00e9ation du RAUR\"><input type=\"checkbox\" name=\"checkbox-1[]\" value=\"one\" id=\"forminator-field-checkbox-1-1-69e02337211a3\" aria-labelledby=\"forminator-field-checkbox-1-1-69e02337211a3-label\" data-calculation=\"0\"   data-hidden-behavior=\"zero\" aria-describedby=\"forminator-field-checkbox-1-69e02337211a3-description\"\/><span class=\"forminator-checkbox-box\" aria-hidden=\"true\"><\/span><span class=\"forminator-checkbox-label\">Oui, je souhaite \u00eatre membre fondateur de la cr\u00e9ation du RAUR<\/span><\/label><label id=\"forminator-field-checkbox-1-2-69e02337211a3-label\" for=\"forminator-field-checkbox-1-2-69e02337211a3\" class=\"forminator-checkbox\" title=\"Non, je souhaite juste \u00eatre membre adh\u00e9rent au RAUR\"><input type=\"checkbox\" name=\"checkbox-1[]\" value=\"two\" id=\"forminator-field-checkbox-1-2-69e02337211a3\" aria-labelledby=\"forminator-field-checkbox-1-2-69e02337211a3-label\" data-calculation=\"0\"   data-hidden-behavior=\"zero\" aria-describedby=\"forminator-field-checkbox-1-69e02337211a3-description\"\/><span class=\"forminator-checkbox-box\" aria-hidden=\"true\"><\/span><span class=\"forminator-checkbox-label\">Non, je souhaite juste \u00eatre membre adh\u00e9rent au RAUR<\/span><\/label><\/div><\/div><\/div><div class=\"forminator-row\"><div id=\"textarea-1\" class=\"forminator-field-textarea forminator-col forminator-col-12 \"><div class=\"forminator-field\"><label for=\"forminator-field-textarea-1_69e02337211a3\" id=\"forminator-field-textarea-1_69e02337211a3-label\" class=\"forminator-label\">Quelles sont vos autres attentes et suggestions\/\u0627\u0642\u062a\u0631\u0627\u062d\u0627\u062a<\/label><textarea name=\"textarea-1\" placeholder=\"\" id=\"forminator-field-textarea-1_69e02337211a3\" class=\"forminator-textarea\" rows=\"6\" style=\"min-height:140px;\" ><\/textarea><\/div><\/div><\/div><\/div><button class=\"forminator-button forminator-pagination-submit\" style=\"display: none;\" disabled><span class=\"forminator-button--mask\" aria-label=\"hidden\"><\/span><span class=\"forminator-button--text\">Envoyer le message<\/span><\/button><\/div><input type=\"hidden\" name=\"referer_url\" value=\"\" \/><input type=\"hidden\" id=\"forminator_nonce\" name=\"forminator_nonce\" value=\"08a54fce2d\" \/><input type=\"hidden\" name=\"_wp_http_referer\" value=\"\/alumni\/wp-json\/wp\/v2\/pages\/15172\" \/><input type=\"hidden\" name=\"form_id\" value=\"15227\"><input type=\"hidden\" name=\"page_id\" value=\"15172\"><input type=\"hidden\" name=\"form_type\" value=\"default\"><input type=\"hidden\" name=\"current_url\" value=\"https:\/\/web.univ-relizane.dz\/alumni\/formulaire-pour-inscrire-au-reseau-alumni-de-luniversite-de-relizane\/\"><input type=\"hidden\" name=\"render_id\" value=\"0\"><input type=\"hidden\" name=\"action\" value=\"forminator_submit_form_custom-forms\"><\/form><\/p>\n","protected":false},"excerpt":{"rendered":"","protected":false},"author":1,"featured_media":0,"parent":0,"menu_order":0,"comment_status":"closed","ping_status":"closed","template":"","meta":{"footnotes":""},"class_list":["post-15172","page","type-page","status-publish","hentry"],"_links":{"self":[{"href":"https:\/\/web.univ-relizane.dz\/alumni\/wp-json\/wp\/v2\/pages\/15172","targetHints":{"allow":["GET"]}}],"collection":[{"href":"https:\/\/web.univ-relizane.dz\/alumni\/wp-json\/wp\/v2\/pages"}],"about":[{"href":"https:\/\/web.univ-relizane.dz\/alumni\/wp-json\/wp\/v2\/types\/page"}],"author":[{"embeddable":true,"href":"https:\/\/web.univ-relizane.dz\/alumni\/wp-json\/wp\/v2\/users\/1"}],"replies":[{"embeddable":true,"href":"https:\/\/web.univ-relizane.dz\/alumni\/wp-json\/wp\/v2\/comments?post=15172"}],"version-history":[{"count":3,"href":"https:\/\/web.univ-relizane.dz\/alumni\/wp-json\/wp\/v2\/pages\/15172\/revisions"}],"predecessor-version":[{"id":15237,"href":"https:\/\/web.univ-relizane.dz\/alumni\/wp-json\/wp\/v2\/pages\/15172\/revisions\/15237"}],"wp:attachment":[{"href":"https:\/\/web.univ-relizane.dz\/alumni\/wp-json\/wp\/v2\/media?parent=15172"}],"curies":[{"name":"wp","href":"https:\/\/api.w.org\/{rel}","templated":true}]}}